{"id":6554,"date":"2018-03-16T12:04:46","date_gmt":"2018-03-16T11:04:46","guid":{"rendered":"http:\/\/creations-escargot-rose.ch\/shop\/commande\/"},"modified":"2019-03-29T22:59:00","modified_gmt":"2019-03-29T21:59:00","slug":"commande","status":"publish","type":"page","link":"https:\/\/creations-escargot-rose.ch\/it\/shop\/commande\/","title":{"rendered":"Commanda"},"content":{"rendered":"<h3>Informazioni\/Istruzioni<\/h3>\n<h4>Spedizione e consegna<\/h4>\n<p>Se volete che vi spedisco la vostra comanda:<\/p>\n<ol>\n<li><span style=\"color: #000000;\">Scegliere &#8220;Spedizione&#8221; nella selezione della spedizione<\/span><\/li>\n<li><span style=\"color: #000000;\">Quando scegliete &#8220;Spedizione&#8221;, il prezzo visualizzato \u00e9 solo una stima. Il prezzo definitivo sar\u00e0 calcolato al momento della validazione della comanda (rispetto al peso e alla taglia) e vi sar\u00e0 comunicato via email con i dettagli del pagamento (se comandate per esempio due porta ciucci posso metterli nello stesso pacchetto, e pagherete dunque una sola volta le spese di spedizione).<\/span><\/li>\n<li>Se volete passare una comanda e farvela spedire fuori dalla Svizzera vi prego di <a href=\"http:\/\/creations-escargot-rose.ch\/contatto\/?lang=it\">contattarmi<\/a>.<\/li>\n<\/ol>\n<p>Se volete passare a prendere la vostra comanda a casa mia (a Chavannes-pr\u00e8s-Renens, VD), potete scegliere l&#8217;opzione &#8220;Ritiro al mio domicilio&#8221; nella selezione della spedizione.<\/p>\n<h4>Pagamento<\/h4>\n<p>Avete diverse possibilit\u00e0 per il pagamento:<\/p>\n<ol>\n<li>Versamento bancario (IBAN) (nessun supplemento)<\/li>\n<li>Twint (con il vostro telefono) (nessun supplemento)<\/li>\n<li>PayPal&nbsp;\n<ul>\n<li>Come indicato nelle <a href=\"http:\/\/creations-escargot-rose.ch\/informazioni-generali\/?lang=it\">informazioni generali<\/a>, &nbsp;per il pagamento via <a href=\"http:\/\/creations-escargot-rose.ch\/informazioni-generali\/pagamento-via-paypal\/?lang=it\">PayPal<\/a>, c&#8217;\u00e9 un supplemento da pagare unicamente se volete la Protezione degli Acquisti di PayPal<\/li>\n<\/ul>\n<\/li>\n<li>Bollettino di versamento\n<ul>\n<li>Per il bollettino di versamento, un supplemento di almeno 1.50 CHF \u00e9 richiesto per via delle spese che la posta fa pagare per il t rattamento. Trovare maggiori informazioni sulle spese per pagamento via bollettino di pagamento sul sito della <a href=\"https:\/\/www.postfinance.ch\/content\/dam\/pfch\/doc\/prod\/solution\/isisr_biz_price_fr.pdf\" class=\"external\" rel=\"nofollow\">Posta<\/a>.<\/li>\n<\/ul>\n<\/li>\n<li>Cash al ritiro (se venite a recuperare la vostra comanda) &#8211; <strong><span style=\"color: #ff0000;\">Non disponibile per i ciucci personalizzati (che devono essere pagati in anticipo)<\/span><\/strong><\/li>\n<\/ol>\n<p>Le informazioni dettagliate per il pagamento saranno inviate al momento della validazione della vostra comanda.<\/p>\n<p><span style=\"color: #ff0000;\"><strong>Attenzione<\/strong><\/span><\/p>\n<ol>\n<li>Come indicato nelle <a href=\"http:\/\/creations-escargot-rose.ch\/informazioni-generali\/?lang=it\">informazioni generali<\/a>, per i nuovi client che scelgono di farsi spedire la comanda, vi chiedo un <strong><span style=\"color: #ff0000;\">pagamento in anticipo<\/span><\/strong> prima di inviare la comanda.<\/li>\n<li>Come indicato nelle <a href=\"http:\/\/creations-escargot-rose.ch\/informazioni-generali\/?lang=it\">informazioni generali<\/a>, per le comande di ciucci personalizzati vi chiedo un <strong><span style=\"color: #ff0000;\">pagamento anticipato prima di validare la comanda<\/span><\/strong>.<\/li>\n<\/ol>\n<div class=\"woocommerce\"><\/div>\n","protected":false},"excerpt":{"rendered":"<p>Informazioni\/Istruzioni Spedizione e consegna Se volete che vi spedisco la vostra comanda: Scegliere &#8220;Spedizione&#8221; nella selezione della spedizione Quando scegliete &#8220;Spedizione&#8221;, il prezzo visualizzato \u00e9 solo una stima. Il prezzo definitivo sar\u00e0 calcolato al momento della validazione della comanda (rispetto al peso e alla taglia) e vi sar\u00e0 comunicato via email con i dettagli del [&hellip;]<\/p>\n","protected":false},"author":1,"featured_media":0,"parent":4694,"menu_order":0,"comment_status":"closed","ping_status":"closed","template":"","meta":{"ngg_post_thumbnail":0,"jetpack_post_was_ever_published":false,"footnotes":""},"class_list":["post-6554","page","type-page","status-publish","hentry"],"jetpack_sharing_enabled":true,"jetpack_shortlink":"https:\/\/wp.me\/P6Rbzj-1HI","_links":{"self":[{"href":"https:\/\/creations-escargot-rose.ch\/it\/wp-json\/wp\/v2\/pages\/6554","targetHints":{"allow":["GET"]}}],"collection":[{"href":"https:\/\/creations-escargot-rose.ch\/it\/wp-json\/wp\/v2\/pages"}],"about":[{"href":"https:\/\/creations-escargot-rose.ch\/it\/wp-json\/wp\/v2\/types\/page"}],"author":[{"embeddable":true,"href":"https:\/\/creations-escargot-rose.ch\/it\/wp-json\/wp\/v2\/users\/1"}],"replies":[{"embeddable":true,"href":"https:\/\/creations-escargot-rose.ch\/it\/wp-json\/wp\/v2\/comments?post=6554"}],"version-history":[{"count":0,"href":"https:\/\/creations-escargot-rose.ch\/it\/wp-json\/wp\/v2\/pages\/6554\/revisions"}],"up":[{"embeddable":true,"href":"https:\/\/creations-escargot-rose.ch\/it\/wp-json\/wp\/v2\/pages\/4694"}],"wp:attachment":[{"href":"https:\/\/creations-escargot-rose.ch\/it\/wp-json\/wp\/v2\/media?parent=6554"}],"curies":[{"name":"wp","href":"https:\/\/api.w.org\/{rel}","templated":true}]}}