{"id":14165,"date":"2023-02-19T09:15:09","date_gmt":"2023-02-19T08:15:09","guid":{"rendered":"https:\/\/creations-escargot-rose.ch\/?post_type=product&#038;p=14165"},"modified":"2023-02-19T09:18:27","modified_gmt":"2023-02-19T08:18:27","slug":"pochette-mon-secret-pour-avoir-un-ventre-plat","status":"publish","type":"product","link":"https:\/\/creations-escargot-rose.ch\/it\/prodotto\/pochette-mon-secret-pour-avoir-un-ventre-plat\/","title":{"rendered":"Pochette &#8220;Mon secret pour avoir un ventre plat &#8230; &#8220;"},"content":{"rendered":"","protected":false},"excerpt":{"rendered":"<ul>\n<li>Trousse en tissu, avec fermeture \u00e9clair.<\/li>\n<li>Bi-mati\u00e8re (jean gris fonc\u00e9 et coton) \u00e0 l\u2019ext\u00e9rieur, coton \u00e0 l\u2019int\u00e9rieur.<\/li>\n<li>Taille: 12\u00d718 cm<\/li>\n<li>100% fait main<\/li>\n<\/ul>\n","protected":false},"featured_media":14169,"template":"","meta":{"ngg_post_thumbnail":0,"jetpack_post_was_ever_published":false,"jetpack_publicize_message":"","jetpack_publicize_feature_enabled":true,"jetpack_social_post_already_shared":true,"jetpack_social_options":{"image_generator_settings":{"template":"highway","default_image_id":0,"font":"","enabled":false},"version":2}},"product_brand":[],"product_cat":[415],"product_tag":[],"class_list":{"0":"post-14165","1":"product","2":"type-product","3":"status-publish","4":"has-post-thumbnail","6":"product_cat-pochettes-originales-a-message","7":"tm-no-options","9":"first","10":"instock","11":"shipping-taxable","12":"purchasable","13":"product-type-simple"},"jetpack_publicize_connections":[],"jetpack_sharing_enabled":true,"_links":{"self":[{"href":"https:\/\/creations-escargot-rose.ch\/it\/wp-json\/wp\/v2\/product\/14165","targetHints":{"allow":["GET"]}}],"collection":[{"href":"https:\/\/creations-escargot-rose.ch\/it\/wp-json\/wp\/v2\/product"}],"about":[{"href":"https:\/\/creations-escargot-rose.ch\/it\/wp-json\/wp\/v2\/types\/product"}],"wp:featuredmedia":[{"embeddable":true,"href":"https:\/\/creations-escargot-rose.ch\/it\/wp-json\/wp\/v2\/media\/14169"}],"wp:attachment":[{"href":"https:\/\/creations-escargot-rose.ch\/it\/wp-json\/wp\/v2\/media?parent=14165"}],"wp:term":[{"taxonomy":"product_brand","embeddable":true,"href":"https:\/\/creations-escargot-rose.ch\/it\/wp-json\/wp\/v2\/product_brand?post=14165"},{"taxonomy":"product_cat","embeddable":true,"href":"https:\/\/creations-escargot-rose.ch\/it\/wp-json\/wp\/v2\/product_cat?post=14165"},{"taxonomy":"product_tag","embeddable":true,"href":"https:\/\/creations-escargot-rose.ch\/it\/wp-json\/wp\/v2\/product_tag?post=14165"}],"curies":[{"name":"wp","href":"https:\/\/api.w.org\/{rel}","templated":true}]}}