{"id":14333,"date":"2024-06-03T10:51:26","date_gmt":"2024-06-03T08:51:26","guid":{"rendered":"https:\/\/creations-escargot-rose.ch\/?post_type=product&#038;p=14333"},"modified":"2024-06-03T11:16:56","modified_gmt":"2024-06-03T09:16:56","slug":"kit-de-naissance-dinosaures-turquoise","status":"publish","type":"product","link":"https:\/\/creations-escargot-rose.ch\/it\/prodotto\/kit-de-naissance-dinosaures-turquoise\/","title":{"rendered":"Kit de naissance &#8211; Dinosaures \/ Turquoise"},"content":{"rendered":"","protected":false},"excerpt":{"rendered":"<p><strong>Kit de naissance (enti\u00e8rement fabriqu\u00e9 main en Suisse) compos\u00e9 de<\/strong><\/p>\n<ul>\n<li>1 couverture matelass\u00e9e (coton matelass\u00e9 et minkee super doux, 75 x 95 cm )<\/li>\n<li>1 sac \u00e0 langer (coton matelass\u00e9 et coton\n<ul>\n<li>longueur 42 cm, largeur 21 cm, hauteur 23 cm<\/li>\n<li>2 poches zipp\u00e9s int\u00e9rieures<\/li>\n<li>2 poches ext\u00e9rieures (dont une petite zipp\u00e9e)<\/li>\n<li>2 hanses + 1 sangle (typiquement pour l&#8217;accrocher \u00e0 la poussette)<\/li>\n<\/ul>\n<\/li>\n<li>1 trousse de toilette\n<ul>\n<li>longueur 21 cm, largeur 11 cm, hauteur 16 cm<\/li>\n<\/ul>\n<\/li>\n<li>2 paniers moyens (14 x 10 x 8 cm)<\/li>\n<li>1 panier petit (10 x 8 x 8 cm) avec 10 lingettes (10 x 10 cm) r\u00e9utilisables<\/li>\n<\/ul>\n<p><strong>Possibilit\u00e9 d\u2019ajouter en suppl\u00e9ment<\/strong><\/p>\n<ul>\n<li>une attache t\u00e9tine \/ dentition<\/li>\n<li>un bavoir<\/li>\n<li>&#8230;<\/li>\n<\/ul>\n","protected":false},"featured_media":14334,"template":"","meta":{"ngg_post_thumbnail":0,"jetpack_post_was_ever_published":false,"jetpack_publicize_message":"","jetpack_publicize_feature_enabled":true,"jetpack_social_post_already_shared":true,"jetpack_social_options":{"image_generator_settings":{"template":"highway","default_image_id":0,"font":"","enabled":false},"version":2}},"product_brand":[],"product_cat":[422,419],"product_tag":[],"class_list":{"0":"post-14333","1":"product","2":"type-product","3":"status-publish","4":"has-post-thumbnail","6":"product_cat-cadeaux-de-naissance","7":"product_cat-kit-cadeau-naissance","8":"tm-no-options","10":"first","11":"instock","12":"shipping-taxable","13":"purchasable","14":"product-type-simple"},"jetpack_publicize_connections":[],"jetpack_sharing_enabled":false,"_links":{"self":[{"href":"https:\/\/creations-escargot-rose.ch\/it\/wp-json\/wp\/v2\/product\/14333","targetHints":{"allow":["GET"]}}],"collection":[{"href":"https:\/\/creations-escargot-rose.ch\/it\/wp-json\/wp\/v2\/product"}],"about":[{"href":"https:\/\/creations-escargot-rose.ch\/it\/wp-json\/wp\/v2\/types\/product"}],"wp:featuredmedia":[{"embeddable":true,"href":"https:\/\/creations-escargot-rose.ch\/it\/wp-json\/wp\/v2\/media\/14334"}],"wp:attachment":[{"href":"https:\/\/creations-escargot-rose.ch\/it\/wp-json\/wp\/v2\/media?parent=14333"}],"wp:term":[{"taxonomy":"product_brand","embeddable":true,"href":"https:\/\/creations-escargot-rose.ch\/it\/wp-json\/wp\/v2\/product_brand?post=14333"},{"taxonomy":"product_cat","embeddable":true,"href":"https:\/\/creations-escargot-rose.ch\/it\/wp-json\/wp\/v2\/product_cat?post=14333"},{"taxonomy":"product_tag","embeddable":true,"href":"https:\/\/creations-escargot-rose.ch\/it\/wp-json\/wp\/v2\/product_tag?post=14333"}],"curies":[{"name":"wp","href":"https:\/\/api.w.org\/{rel}","templated":true}]}}