{"id":3604,"date":"2018-06-08T15:04:18","date_gmt":"2018-06-08T13:04:18","guid":{"rendered":"http:\/\/creations-escargot-rose.ch\/?post_type=product&#038;p=3604"},"modified":"2019-03-29T09:10:17","modified_gmt":"2019-03-29T08:10:17","slug":"sac-badminton-bleu-avec-moutons","status":"publish","type":"product","link":"https:\/\/creations-escargot-rose.ch\/it\/prodotto\/sac-badminton-bleu-avec-moutons\/","title":{"rendered":"Sac Badminton (Bleu avec moutons)"},"content":{"rendered":"","protected":false},"excerpt":{"rendered":"<p>Si quand vous participez aux tournois vous avec toujours un bordel pas possible avec vous sur le terrain et vous avez tendance \u00e0 oublier votre boite de volants apr\u00e8s le match, j&#8217;ai une solution styl\u00e9e pour vous: un super sac &#8220;sp\u00e9cial badminton&#8221; dans lequel vous pouvez mettre vos raquettes, votre gourde, les volants, le linge, les mouchoirs, une barrette de c\u00e9r\u00e9ales et encore plein d&#8217;autres choses.<\/p>\n","protected":false},"featured_media":3605,"template":"","meta":{"ngg_post_thumbnail":0,"jetpack_post_was_ever_published":false,"jetpack_publicize_message":"","jetpack_publicize_feature_enabled":true,"jetpack_social_post_already_shared":true,"jetpack_social_options":{"image_generator_settings":{"template":"highway","default_image_id":0,"font":"","enabled":false},"version":2}},"product_brand":[],"product_cat":[176],"product_tag":[],"class_list":{"0":"post-3604","1":"product","2":"type-product","3":"status-publish","4":"has-post-thumbnail","6":"product_cat-sac-badminton","7":"tm-no-options","9":"first","10":"outofstock","11":"shipping-taxable","12":"purchasable","13":"product-type-simple"},"jetpack_publicize_connections":[],"jetpack_sharing_enabled":true,"_links":{"self":[{"href":"https:\/\/creations-escargot-rose.ch\/it\/wp-json\/wp\/v2\/product\/3604","targetHints":{"allow":["GET"]}}],"collection":[{"href":"https:\/\/creations-escargot-rose.ch\/it\/wp-json\/wp\/v2\/product"}],"about":[{"href":"https:\/\/creations-escargot-rose.ch\/it\/wp-json\/wp\/v2\/types\/product"}],"wp:featuredmedia":[{"embeddable":true,"href":"https:\/\/creations-escargot-rose.ch\/it\/wp-json\/wp\/v2\/media\/3605"}],"wp:attachment":[{"href":"https:\/\/creations-escargot-rose.ch\/it\/wp-json\/wp\/v2\/media?parent=3604"}],"wp:term":[{"taxonomy":"product_brand","embeddable":true,"href":"https:\/\/creations-escargot-rose.ch\/it\/wp-json\/wp\/v2\/product_brand?post=3604"},{"taxonomy":"product_cat","embeddable":true,"href":"https:\/\/creations-escargot-rose.ch\/it\/wp-json\/wp\/v2\/product_cat?post=3604"},{"taxonomy":"product_tag","embeddable":true,"href":"https:\/\/creations-escargot-rose.ch\/it\/wp-json\/wp\/v2\/product_tag?post=3604"}],"curies":[{"name":"wp","href":"https:\/\/api.w.org\/{rel}","templated":true}]}}