{"id":4886,"date":"2018-07-06T17:39:47","date_gmt":"2018-07-06T15:39:47","guid":{"rendered":"http:\/\/creations-escargot-rose.ch\/produit\/collana-dallattamento-da-personalizzare\/"},"modified":"2020-10-31T16:49:54","modified_gmt":"2020-10-31T15:49:54","slug":"collana-dallattamento-da-personalizzare","status":"publish","type":"product","link":"https:\/\/creations-escargot-rose.ch\/it\/prodotto\/collana-dallattamento-da-personalizzare\/","title":{"rendered":"Collana d&#8217;allattamento (da personalizzare)"},"content":{"rendered":"<p>Collana d&#8217;allattamento in silicone personalizzabile (colori, perle).<\/p>\n<p>Mano mano che i neonati sviluppano i loro sensi e le loro capacit\u00e0 cognitive, diventano sempre pi\u00f9 curiosi e desiderosi di conoscere il mondo che li circonda. Allattarli senza distrazioni e interruzioni, quindi, diventa sempre pi\u00f9 difficile. Le collane da allattamento, grazie alle forme e ai colori delle loro perle,&nbsp;riescono a&nbsp;<strong>catturare l\u2019attenzione<\/strong>&nbsp;dei bimbi e a fare in modo che, durante la poppata, non si stacchino dal seno.<\/p>\n<p>Questi bijoux sono molto utili anche in&nbsp;<strong>fase di dentizione,&nbsp;<\/strong>perch\u00e9&nbsp;possono essere messi in bocca senza problemi e sono facilmente lavabili.<\/p>\n<p>Sono inoltre un valido alleato durante il&nbsp;<strong>cambio del pannolino e nella sala d\u2019aspetto del pediatra:<\/strong>&nbsp;i bimbi ci giocano, si distraggono e non afferrano altri oggetti (inclusi i capelli della mamma).<\/p>\n<ul>\n<li>Collana d&#8217;allattamento fabbricata a mano<\/li>\n<li>Perle in silicone alimentare<\/li>\n<li>Materiale atossico, senza BPA (bisfenolo-A), ftalati e senza piombo<\/li>\n<li>Aiuta a sviluppare le capacit\u00e0 motorie fini dei b\u00e9b\u00e9<\/li>\n<li>Un vero accessorio di moda per la mamma di oggi<\/li>\n<li>Chiusura di sicurezza<\/li>\n<\/ul>\n<p><strong>Cosa \u00e9 compreso nel prezzo di base<\/strong><\/p>\n<ul>\n<li>Perle in silicone di differenti taglie<\/li>\n<li>Chiusura di sicurezza<\/li>\n<\/ul>\n","protected":false},"excerpt":{"rendered":"<p>Collana d&#8217;allattamento in silicone personalizzabile (colori, perle).<\/p>\n","protected":false},"featured_media":4887,"template":"","meta":{"ngg_post_thumbnail":0,"jetpack_post_was_ever_published":false,"jetpack_publicize_message":"","jetpack_publicize_feature_enabled":true,"jetpack_social_post_already_shared":true,"jetpack_social_options":{"image_generator_settings":{"template":"highway","default_image_id":0,"font":"","enabled":false},"version":2}},"product_brand":[],"product_cat":[254],"product_tag":[],"class_list":{"0":"post-4886","1":"product","2":"type-product","3":"status-publish","4":"has-post-thumbnail","6":"product_cat-creazioni-in-silicone","7":"tm-has-options","9":"first","10":"instock","11":"shipping-taxable","12":"purchasable","13":"product-type-simple"},"jetpack_publicize_connections":[],"jetpack_sharing_enabled":true,"_links":{"self":[{"href":"https:\/\/creations-escargot-rose.ch\/it\/wp-json\/wp\/v2\/product\/4886","targetHints":{"allow":["GET"]}}],"collection":[{"href":"https:\/\/creations-escargot-rose.ch\/it\/wp-json\/wp\/v2\/product"}],"about":[{"href":"https:\/\/creations-escargot-rose.ch\/it\/wp-json\/wp\/v2\/types\/product"}],"wp:featuredmedia":[{"embeddable":true,"href":"https:\/\/creations-escargot-rose.ch\/it\/wp-json\/wp\/v2\/media\/4887"}],"wp:attachment":[{"href":"https:\/\/creations-escargot-rose.ch\/it\/wp-json\/wp\/v2\/media?parent=4886"}],"wp:term":[{"taxonomy":"product_brand","embeddable":true,"href":"https:\/\/creations-escargot-rose.ch\/it\/wp-json\/wp\/v2\/product_brand?post=4886"},{"taxonomy":"product_cat","embeddable":true,"href":"https:\/\/creations-escargot-rose.ch\/it\/wp-json\/wp\/v2\/product_cat?post=4886"},{"taxonomy":"product_tag","embeddable":true,"href":"https:\/\/creations-escargot-rose.ch\/it\/wp-json\/wp\/v2\/product_tag?post=4886"}],"curies":[{"name":"wp","href":"https:\/\/api.w.org\/{rel}","templated":true}]}}